{"id":50,"date":"2025-03-22T13:42:08","date_gmt":"2025-03-22T13:42:08","guid":{"rendered":"https:\/\/zvedavie.sk\/?page_id=50"},"modified":"2026-03-07T13:36:08","modified_gmt":"2026-03-07T13:36:08","slug":"caste-otazky","status":"publish","type":"page","link":"https:\/\/zvedavie.sk\/index.php\/caste-otazky\/","title":{"rendered":"\u010cast\u00e9 ot\u00e1zky"},"content":{"rendered":"\n<div class=\"wp-block-group is-nowrap is-layout-flex wp-container-core-group-is-layout-6c531013 wp-block-group-is-layout-flex\">\n<p><\/p>\n<\/div>\n\n\n\n<details class=\"wp-block-details is-layout-flow wp-block-details-is-layout-flow\"><summary><strong>Ako prihl\u00e1sim die\u0165a na t\u00e1bor?<\/strong><\/summary>\n<ul class=\"wp-block-list\">\n<li>Prihl\u00e1si\u0165 svoje die\u0165a m\u00f4\u017eete cez google formul\u00e1r v sekcii T\u00e1bor alebo na tomto linku: <a href=\"https:\/\/docs.google.com\/forms\/d\/e\/1FAIpQLScxPxkz66JLe4IiPYGjsA_WV2Gtn1oFKO02pfwjZ8GO3gzUxA\/viewform?usp=publish-editor\" target=\"_blank\" rel=\"noreferrer noopener\">Prihl\u00e1senie<\/a><\/li>\n<\/ul>\n\n\n\n<p><\/p>\n<\/details>\n\n\n\n<details class=\"wp-block-details is-layout-flow wp-block-details-is-layout-flow\"><summary><strong>M\u00f4\u017eem na t\u00e1bor prihl\u00e1si\u0165 aj die\u0165a mimo ur\u010denej vekovej kateg\u00f3rie?<\/strong><\/summary>\n<ul class=\"wp-block-list\">\n<li>Die\u0165a mimo ur\u010denej vekovej kateg\u00f3rie m\u00f4\u017eete prihl\u00e1si\u0165 len v pr\u00edpade vo\u013enej kapacity a po INDIVIDU\u00c1LNEJ DOHODE. Ak m\u00e1te o tak\u00e9to prihl\u00e1senie z\u00e1ujem, pros\u00edm kontaktujte n\u00e1s telefonicky alebo mailom na adrese zvedavie.official@gmail.com<\/li>\n<\/ul>\n\n\n\n<p><\/p>\n<\/details>\n\n\n\n<details class=\"wp-block-details is-layout-flow wp-block-details-is-layout-flow\"><summary><strong>Kedy a ako m\u00f4\u017eem zaplati\u0165 za t\u00e1bor?<\/strong><\/summary>\n<ul class=\"wp-block-list\">\n<li>V\u0161etky inform\u00e1cie o platbe, v\u00e1m za\u0161leme mailom po \u00faspe\u0161nom prihl\u00e1sen\u00ed die\u0165a\u0165a na t\u00e1bor. <\/li>\n<\/ul>\n\n\n\n<p><\/p>\n<\/details>\n\n\n\n<details class=\"wp-block-details is-layout-flow wp-block-details-is-layout-flow\"><summary><strong>Kedy m\u00e1m n\u00e1rok na z\u013eavu: Skor\u00e9 prihl\u00e1senie<\/strong><\/summary>\n<ul class=\"wp-block-list\">\n<li>Na t\u00fato z\u013eavu m\u00e1te n\u00e1rok ak prihl\u00e1site svoje die\u0165a do 17.4. 2026 (vr\u00e1tane).<\/li>\n\n\n\n<li>Z\u013eava sa aktivuje automaticky po vyp\u00edsan\u00ed a odoslan\u00ed prihl\u00e1\u0161ky.<\/li>\n<\/ul>\n\n\n\n<p><\/p>\n<\/details>\n\n\n\n<details class=\"wp-block-details is-layout-flow wp-block-details-is-layout-flow\"><summary><strong>Kedy m\u00e1m n\u00e1rok na z\u013eavu: Prihl\u00e1senie na viac turnusov<\/strong><\/summary>\n<ul class=\"wp-block-list\">\n<li>Na t\u00fato z\u013eavu m\u00e1te n\u00e1rok ak prihl\u00e1site svoje die\u0165a aspo\u0148 na dva turnusy v danom roku.<\/li>\n\n\n\n<li>Z\u013eava sa aktivuje automaticky po vyp\u00edsan\u00ed a odoslan\u00ed prihl\u00e1\u0161ky.<\/li>\n<\/ul>\n\n\n\n<p><\/p>\n<\/details>\n\n\n\n<details class=\"wp-block-details is-layout-flow wp-block-details-is-layout-flow\"><summary><strong>Kedy m\u00e1m n\u00e1rok na s\u00farodeneck\u00fa z\u013eavu?<\/strong><\/summary>\n<ul class=\"wp-block-list\">\n<li>Na t\u00fato z\u013eavu m\u00e1te n\u00e1rok ak prihlasujete ako z\u00e1konn\u00fd z\u00e1stupca aspo\u0148 dve deti, pri\u010dom deti musia ma\u0165 medzi sebou s\u00farodeneck\u00fd vz\u0165ah (vz\u0165ahuje sa aj na nevlastn\u00fdch s\u00farodencov).<\/li>\n\n\n\n<li>Deti NEMUSIA \u00eds\u0165 na rovnak\u00fd turnus.<\/li>\n\n\n\n<li>T\u00fato z\u013eavu je potrebn\u00e9 aktivova\u0165 ozna\u010den\u00edm pr\u00edslu\u0161n\u00e9ho po\u013ea pri vypisovan\u00ed prihl\u00e1\u0161ky.<\/li>\n<\/ul>\n\n\n\n<p><\/p>\n<\/details>\n\n\n\n<details class=\"wp-block-details is-layout-flow wp-block-details-is-layout-flow\"><summary><strong>Ako aktivujem s\u00farodeneck\u00fa z\u013eavu?<\/strong><\/summary>\n<ul class=\"wp-block-list\">\n<li>Z\u013eavu aktivujete ozna\u010den\u00edm pr\u00edslu\u0161n\u00e9ho po\u013ea pri vypisovan\u00ed prihl\u00e1\u0161ok. <\/li>\n\n\n\n<li>Prebieha aj sp\u00e4tn\u00e1 kontrola, \u010di ste naozaj prihl\u00e1sili s\u00farodencov pod rovnak\u00fdm menom rodi\u010da, preto toto pole neberte z\u00e1v\u00e4zne (ak na uveden\u00fa z\u013eavu nem\u00e1te n\u00e1rok, nebude v\u00e1m pridelen\u00e1).  <\/li>\n<\/ul>\n\n\n\n<p><\/p>\n<\/details>\n\n\n\n<details class=\"wp-block-details is-layout-flow wp-block-details-is-layout-flow\"><summary><strong>Ako m\u00f4\u017eem stornova\u0165 prihl\u00e1\u0161ku?<\/strong><\/summary>\n<ul class=\"wp-block-list\">\n<li>Prihl\u00e1\u0161ku je mo\u017en\u00e9 stornova\u0165 ak nap\u00ed\u0161ete mail na adresu zvedavie.official@gmail.com. <\/li>\n\n\n\n<li>Do mailu uve\u010fte meno die\u0165a\u0165a, rok narodenia, nav\u0161tevovan\u00fa \u0161kolu a d\u00f4vod stornovania prihl\u00e1\u0161ky. <\/li>\n\n\n\n<li>Po 15.6. u\u017e stornovanie prihl\u00e1\u0161ky NIE JE mo\u017en\u00e9!<\/li>\n<\/ul>\n\n\n\n<p><\/p>\n<\/details>\n\n\n\n<details class=\"wp-block-details is-layout-flow wp-block-details-is-layout-flow\"><summary><strong>Ako m\u00f4\u017eem prihl\u00e1si\u0165 viac det\u00ed? <\/strong><\/summary>\n<ul class=\"wp-block-list\">\n<li>Prihl\u00e1senie viacer\u00fdch det\u00ed je jednoduch\u00e9, sta\u010d\u00ed vyp\u00edsa\u0165 prihl\u00e1\u0161ku pre ka\u017ed\u00e9 die\u0165a zvl\u00e1\u0161\u0165 (ako by ste prihlasovali len jedno). <\/li>\n\n\n\n<li>Pros\u00edme aby ste zadali rovnak\u00e9 meno rodi\u010da a aj rovnak\u00e9 kontaktn\u00e9 \u00fadaje v oboch prihl\u00e1\u0161kach.<\/li>\n\n\n\n<li><\/li>\n<\/ul>\n\n\n\n<p><\/p>\n<\/details>\n\n\n\n<p><\/p>\n","protected":false},"excerpt":{"rendered":"","protected":false},"author":2,"featured_media":0,"parent":0,"menu_order":0,"comment_status":"closed","ping_status":"closed","template":"","meta":{"_glsr_average":0,"_glsr_ranking":0,"_glsr_reviews":0,"footnotes":""},"class_list":["post-50","page","type-page","status-publish","hentry"],"_links":{"self":[{"href":"https:\/\/zvedavie.sk\/index.php\/wp-json\/wp\/v2\/pages\/50","targetHints":{"allow":["GET"]}}],"collection":[{"href":"https:\/\/zvedavie.sk\/index.php\/wp-json\/wp\/v2\/pages"}],"about":[{"href":"https:\/\/zvedavie.sk\/index.php\/wp-json\/wp\/v2\/types\/page"}],"author":[{"embeddable":true,"href":"https:\/\/zvedavie.sk\/index.php\/wp-json\/wp\/v2\/users\/2"}],"replies":[{"embeddable":true,"href":"https:\/\/zvedavie.sk\/index.php\/wp-json\/wp\/v2\/comments?post=50"}],"version-history":[{"count":18,"href":"https:\/\/zvedavie.sk\/index.php\/wp-json\/wp\/v2\/pages\/50\/revisions"}],"predecessor-version":[{"id":388,"href":"https:\/\/zvedavie.sk\/index.php\/wp-json\/wp\/v2\/pages\/50\/revisions\/388"}],"wp:attachment":[{"href":"https:\/\/zvedavie.sk\/index.php\/wp-json\/wp\/v2\/media?parent=50"}],"curies":[{"name":"wp","href":"https:\/\/api.w.org\/{rel}","templated":true}]}}